{"id":14,"date":"2023-09-04T09:56:01","date_gmt":"2023-09-04T07:56:01","guid":{"rendered":"https:\/\/melaniegurenko.com\/?page_id=14"},"modified":"2025-04-01T14:19:29","modified_gmt":"2025-04-01T12:19:29","slug":"rueckerstattung_rueckgaben","status":"publish","type":"page","link":"https:\/\/melaniegurenko.com\/en\/rueckerstattung_rueckgaben\/","title":{"rendered":"Policy for refunds and returns"},"content":{"rendered":"<div data-elementor-type=\"wp-page\" data-elementor-id=\"14\" class=\"elementor elementor-14\" data-elementor-post-type=\"page\">\n\t\t\t\t\t\t<section class=\"elementor-section elementor-top-section elementor-element elementor-element-3e0116de elementor-section-boxed elementor-section-height-default elementor-section-height-default\" data-id=\"3e0116de\" data-element_type=\"section\" data-e-type=\"section\">\n\t\t\t\t\t\t<div class=\"elementor-container elementor-column-gap-default\">\n\t\t\t\t\t<div class=\"elementor-column elementor-col-100 elementor-top-column elementor-element elementor-element-4a793f08\" data-id=\"4a793f08\" data-element_type=\"column\" data-e-type=\"column\">\n\t\t\t<div class=\"elementor-widget-wrap elementor-element-populated\">\n\t\t\t\t\t\t<div class=\"elementor-element elementor-element-419d9690 elementor-widget elementor-widget-text-editor\" data-id=\"419d9690\" data-element_type=\"widget\" data-e-type=\"widget\" data-widget_type=\"text-editor.default\">\n\t\t\t\t<div class=\"elementor-widget-container\">\n\t\t\t\t\t\t\t\t\t\n<p><\/p>\n<p>**\u00dcbersicht**<\/p>\n<p>Unsere R\u00fcckerstattungs- und R\u00fcckgabebedingungen gelten 30 Tage. Wenn seit Ihrem Kauf 30 Tage vergangen sind, k\u00f6nnen wir Ihnen keine vollst\u00e4ndige R\u00fcckerstattung oder Umtausch anbieten.<\/p>\n<p>Um f\u00fcr eine R\u00fcckgabe in Frage zu kommen, muss Ihr Artikel unbenutzt und in dem Zustand sein, in dem Sie ihn erhalten haben. Er muss sich au\u00dferdem in der Originalverpackung befinden.<\/p>\n<p>Mehrere Arten von Waren sind von der R\u00fcckgabe ausgeschlossen. Verderbliche Waren wie Lebensmittel, Blumen, Zeitungen oder Zeitschriften k\u00f6nnen nicht zur\u00fcckgegeben werden. Wir akzeptieren auch keine Produkte, die intime oder hygienische Waren, gef\u00e4hrliche Materialien oder brennbare Fl\u00fcssigkeiten oder Gase sind.<\/p>\n<p>Zus\u00e4tzliche nicht r\u00fcckgabef\u00e4hige Artikel:<\/p>\n<p>&#8211; Geschenkkarten<br \/>&#8211; Herunterladbare Softwareprodukte<br \/>&#8211; signierte B\u00fccher<br \/>&#8211; Einige Gesundheits- und K\u00f6rperpflegeartikel<\/p>\n<p>Das Widerrufsrecht besteht nicht bzw. erlischt vorzeitig bei Vertr\u00e4gen zur Lieferung von:<\/p>\n<ol>\n<li>\n<p>Waren, die nicht vorgefertigt sind und f\u00fcr deren Herstellung eine individuelle Auswahl oder Bestimmung durch den Verbraucher ma\u00dfgeblich ist oder die eindeutig auf die pers\u00f6nlichen Bed\u00fcrfnisse des Verbrauchers zugeschnitten sind (z. B. personalisierte B\u00fccher mit einer individuellen Widmung des Autors).<\/p>\n<\/li>\n<li>\n<p>Waren, die speziell f\u00fcr den Kunden signiert wurden und damit eine pers\u00f6nliche Anpassung enthalten, die nicht auf andere Kunden \u00fcbertragbar ist.<\/p>\n<\/li>\n<li>\n<p>Exemplare, die auf einer Buchmesse erworben wurden<\/p>\n<\/li>\n<\/ol>\n<p>Um Ihre R\u00fcckgabe abzuschlie\u00dfen, ben\u00f6tigen wir eine Quittung oder einen Kaufnachweis.<\/p>\n<p>Bitte senden Sie Ihren Kauf nicht an den Hersteller zur\u00fcck.<\/p>\n<p>In bestimmten Situationen werden nur teilweise R\u00fcckerstattungen gew\u00e4hrt:<\/p>\n<p>&#8211; Buch mit offensichtlichen Gebrauchsspuren<br \/>&#8211; Ge\u00f6ffnete CD, DVD, VHS-Kassette, Software, Videospiel, Musikkassette oder Vinyl-Schallplatte<br \/>&#8211; Jeder Artikel, der nicht im Originalzustand ist, besch\u00e4digt ist oder Teile fehlen, aus Gr\u00fcnden, die nicht auf unseren Fehler zur\u00fcckzuf\u00fchren sind.<br \/>&#8211; Jeder Artikel, der mehr als 30 Tage nach der Lieferung zur\u00fcckgegeben wird<\/p>\n<p>**R\u00fcckerstattungen**<\/p>\n<p>Sobald Ihre R\u00fccksendung eingegangen und gepr\u00fcft ist, senden wir Ihnen eine E-Mail, um Sie dar\u00fcber zu benachrichtigen, dass wir Ihren zur\u00fcckgesendeten Artikel erhalten haben. Wir werden Sie auch \u00fcber die Genehmigung oder Ablehnung Ihrer R\u00fcckerstattung informieren.<\/p>\n<p>Wenn Ihre R\u00fcckerstattung genehmigt wird, wird diese bearbeitet und innerhalb einer bestimmten Anzahl von Tagen wird eine Gutschrift automatisch auf Ihre Kreditkarte oder die urspr\u00fcngliche Zahlungsmethode angewendet.<\/p>\n<p>**Versp\u00e4tete oder fehlende R\u00fcckerstattungen**<\/p>\n<p>Wenn Sie noch keine R\u00fcckerstattung erhalten haben, \u00fcberpr\u00fcfen Sie zun\u00e4chst noch einmal Ihr Bankkonto.<\/p>\n<p>Kontaktieren Sie dann Ihre Kreditkartenfirma, da es einige Zeit dauern kann, bis Ihre R\u00fcckerstattung offiziell verbucht wird.<\/p>\n<p>Kontaktieren Sie anschlie\u00dfend Ihre Bank. Es gibt oft eine gewisse Bearbeitungszeit, bevor eine R\u00fcckerstattung verbucht wird.<\/p>\n<p>Wenn Sie all dies getan haben und Ihre R\u00fcckerstattung immer noch nicht erhalten haben, kontaktieren Sie uns bitte unter kontakt@mgc-darkromance.de .<\/p>\n<p>**Sale-Artikel**<\/p>\n<p>Nur regul\u00e4r preislich ausgewiesene Artikel k\u00f6nnen erstattet werden. Sale-Artikel k\u00f6nnen nicht erstattet werden.<\/p>\n<p>**Umtausch**<\/p>\n<p>Wir ersetzen Artikel nur, wenn sie defekt oder besch\u00e4digt sind. Wenn Sie den Artikel gegen denselben Artikel umtauschen m\u00fcssen, senden Sie uns eine E-Mail an kontakt@mgc-darkromance.de und senden Sie Ihren .<\/p>\n<p>**Geschenke**<\/p>\n<p>Wenn der Artikel als Geschenk gekennzeichnet war, als er gekauft wurde und direkt an Sie versendet wurde, erhalten Sie eine Gutschrift \u00fcber den Wert Ihrer R\u00fcckgabe. Sobald der zur\u00fcckgesendete Artikel eingegangen ist, wird Ihnen ein Geschenkgutschein per Post zugeschickt.<\/p>\n<p>Wenn der Artikel beim Kauf nicht als Geschenk gekennzeichnet war oder der Schenkende die Bestellung an sich selbst hat schicken lassen, um sie Ihnen sp\u00e4ter zu \u00fcberreichen, senden wir eine R\u00fcckerstattung an den Schenkenden, und er wird \u00fcber Ihre R\u00fcckgabe informiert.<\/p>\n<p>**R\u00fccksendungen**<\/p>\n<p>Um Ihr Produkt zur\u00fcckzusenden, sollten Sie Ihr Produkt an die folgende Adresse schicken: Melanie Gurenko, Geschwister-Scholl-Stra\u00dfe 4, 47475 Kamp-Lintfort.<\/p>\n<p>Sie sind verantwortlich f\u00fcr die Zahlung Ihrer eigenen Versandkosten f\u00fcr die R\u00fccksendung Ihres Artikels. Versandkosten sind nicht erstattungsf\u00e4hig. Wenn Sie eine R\u00fcckerstattung erhalten, werden die Kosten f\u00fcr die R\u00fccksendung von Ihrer R\u00fcckerstattung abgezogen.<\/p>\n<p>Abh\u00e4ngig davon, wo Sie wohnen, kann die Zeit, die Ihr umgetauschtes Produkt ben\u00f6tigt, um Sie zu erreichen, variieren.<\/p>\n<p>Wenn Sie teurere Artikel zur\u00fccksenden, sollten Sie eine nachverfolgbare Versandmethode in Betracht ziehen oder eine Versandversicherung abschlie\u00dfen. Wir garantieren nicht, dass wir Ihren zur\u00fcckgesendeten Artikel erhalten.<\/p>\n<p>\u00a0<\/p>\n<p><\/p>\n<p><\/p>\n<p><!-- \/wp:paragraph --><\/p>\n<!-- \/wp:paragraph -->\t\t\t\t\t\t\t\t<\/div>\n\t\t\t\t<\/div>\n\t\t\t\t\t<\/div>\n\t\t<\/div>\n\t\t\t\t\t<\/div>\n\t\t<\/section>\n\t\t\t\t<\/div>","protected":false},"excerpt":{"rendered":"<p>**\u00dcbersicht** Unsere R\u00fcckerstattungs- und R\u00fcckgabebedingungen gelten 30 Tage. Wenn seit Ihrem Kauf 30 Tage vergangen sind, k\u00f6nnen wir Ihnen keine vollst\u00e4ndige R\u00fcckerstattung oder Umtausch anbieten. Um f\u00fcr eine R\u00fcckgabe in Frage zu kommen, muss Ihr Artikel unbenutzt und in dem Zustand sein, in dem Sie ihn erhalten haben. Er muss sich au\u00dferdem in der Originalverpackung [&hellip;]<\/p>\n","protected":false},"author":1,"featured_media":0,"parent":0,"menu_order":0,"comment_status":"closed","ping_status":"closed","template":"","meta":{"site-sidebar-layout":"default","site-content-layout":"","ast-site-content-layout":"default","site-content-style":"default","site-sidebar-style":"default","ast-global-header-display":"","ast-banner-title-visibility":"","ast-main-header-display":"","ast-hfb-above-header-display":"","ast-hfb-below-header-display":"","ast-hfb-mobile-header-display":"","site-post-title":"","ast-breadcrumbs-content":"","ast-featured-img":"","footer-sml-layout":"","ast-disable-related-posts":"","theme-transparent-header-meta":"","adv-header-id-meta":"","stick-header-meta":"","header-above-stick-meta":"","header-main-stick-meta":"","header-below-stick-meta":"","astra-migrate-meta-layouts":"default","ast-page-background-enabled":"default","ast-page-background-meta":{"desktop":{"background-color":"var(--ast-global-color-4)","background-image":"","background-repeat":"repeat","background-position":"center center","background-size":"auto","background-attachment":"scroll","background-type":"","background-media":"","overlay-type":"","overlay-color":"","overlay-opacity":"","overlay-gradient":""},"tablet":{"background-color":"","background-image":"","background-repeat":"repeat","background-position":"center center","background-size":"auto","background-attachment":"scroll","background-type":"","background-media":"","overlay-type":"","overlay-color":"","overlay-opacity":"","overlay-gradient":""},"mobile":{"background-color":"","background-image":"","background-repeat":"repeat","background-position":"center center","background-size":"auto","background-attachment":"scroll","background-type":"","background-media":"","overlay-type":"","overlay-color":"","overlay-opacity":"","overlay-gradient":""}},"ast-content-background-meta":{"desktop":{"background-color":"var(--ast-global-color-5)","background-image":"","background-repeat":"repeat","background-position":"center center","background-size":"auto","background-attachment":"scroll","background-type":"","background-media":"","overlay-type":"","overlay-color":"","overlay-opacity":"","overlay-gradient":""},"tablet":{"background-color":"var(--ast-global-color-5)","background-image":"","background-repeat":"repeat","background-position":"center center","background-size":"auto","background-attachment":"scroll","background-type":"","background-media":"","overlay-type":"","overlay-color":"","overlay-opacity":"","overlay-gradient":""},"mobile":{"background-color":"var(--ast-global-color-5)","background-image":"","background-repeat":"repeat","background-position":"center center","background-size":"auto","background-attachment":"scroll","background-type":"","background-media":"","overlay-type":"","overlay-color":"","overlay-opacity":"","overlay-gradient":""}},"footnotes":""},"class_list":["post-14","page","type-page","status-publish","hentry"],"_links":{"self":[{"href":"https:\/\/melaniegurenko.com\/en\/wp-json\/wp\/v2\/pages\/14","targetHints":{"allow":["GET"]}}],"collection":[{"href":"https:\/\/melaniegurenko.com\/en\/wp-json\/wp\/v2\/pages"}],"about":[{"href":"https:\/\/melaniegurenko.com\/en\/wp-json\/wp\/v2\/types\/page"}],"author":[{"embeddable":true,"href":"https:\/\/melaniegurenko.com\/en\/wp-json\/wp\/v2\/users\/1"}],"replies":[{"embeddable":true,"href":"https:\/\/melaniegurenko.com\/en\/wp-json\/wp\/v2\/comments?post=14"}],"version-history":[{"count":7,"href":"https:\/\/melaniegurenko.com\/en\/wp-json\/wp\/v2\/pages\/14\/revisions"}],"predecessor-version":[{"id":1056,"href":"https:\/\/melaniegurenko.com\/en\/wp-json\/wp\/v2\/pages\/14\/revisions\/1056"}],"wp:attachment":[{"href":"https:\/\/melaniegurenko.com\/en\/wp-json\/wp\/v2\/media?parent=14"}],"curies":[{"name":"wp","href":"https:\/\/api.w.org\/{rel}","templated":true}]}}