{"id":576,"date":"2024-05-16T09:06:11","date_gmt":"2024-05-16T07:06:11","guid":{"rendered":"https:\/\/melaniegurenko.com\/?page_id=576"},"modified":"2024-06-03T18:51:15","modified_gmt":"2024-06-03T16:51:15","slug":"fuer-buchhandlungen","status":"publish","type":"page","link":"https:\/\/melaniegurenko.com\/en\/fuer-buchhandlungen\/","title":{"rendered":"F\u00fcr Buchhandlungen"},"content":{"rendered":"<div data-elementor-type=\"wp-page\" data-elementor-id=\"576\" class=\"elementor elementor-576\" data-elementor-post-type=\"page\">\n\t\t\t\t\t\t<section class=\"elementor-section elementor-top-section elementor-element elementor-element-daf26e2 elementor-section-boxed elementor-section-height-default elementor-section-height-default\" data-id=\"daf26e2\" data-element_type=\"section\" data-e-type=\"section\">\n\t\t\t\t\t\t<div class=\"elementor-container elementor-column-gap-default\">\n\t\t\t\t\t<div class=\"elementor-column elementor-col-100 elementor-top-column elementor-element elementor-element-ec7487b\" data-id=\"ec7487b\" data-element_type=\"column\" data-e-type=\"column\">\n\t\t\t<div class=\"elementor-widget-wrap elementor-element-populated\">\n\t\t\t\t\t\t<div class=\"elementor-element elementor-element-2a90c2d elementor-widget elementor-widget-heading\" data-id=\"2a90c2d\" data-element_type=\"widget\" data-e-type=\"widget\" data-widget_type=\"heading.default\">\n\t\t\t\t<div class=\"elementor-widget-container\">\n\t\t\t\t\t<h2 class=\"elementor-heading-title elementor-size-default\"><h2 data-elementor-setting-key=\"title\" data-pen-placeholder=\"Eingabe hier...\" style=\"font-style: normal;font-weight: 400;, sans-serif;text-align: center\">F\u00fcr Buchhandlungen<\/h2><\/h2>\t\t\t\t<\/div>\n\t\t\t\t<\/div>\n\t\t\t\t\t<\/div>\n\t\t<\/div>\n\t\t\t\t\t<\/div>\n\t\t<\/section>\n\t\t\t\t<section class=\"elementor-section elementor-top-section elementor-element elementor-element-faa0198 elementor-section-boxed elementor-section-height-default elementor-section-height-default\" data-id=\"faa0198\" data-element_type=\"section\" data-e-type=\"section\">\n\t\t\t\t\t\t<div class=\"elementor-container elementor-column-gap-default\">\n\t\t\t\t\t<div class=\"elementor-column elementor-col-100 elementor-top-column elementor-element elementor-element-69a0957\" data-id=\"69a0957\" data-element_type=\"column\" data-e-type=\"column\">\n\t\t\t<div class=\"elementor-widget-wrap elementor-element-populated\">\n\t\t\t\t\t\t<div class=\"elementor-element elementor-element-70c8f07 elementor-widget elementor-widget-text-editor\" data-id=\"70c8f07\" data-element_type=\"widget\" data-e-type=\"widget\" data-widget_type=\"text-editor.default\">\n\t\t\t\t<div class=\"elementor-widget-container\">\n\t\t\t\t\t\t\t\t\t<p>Herzlich Willkommen auf meiner Website!<\/p><p>Ich freue mich, dass Sie den Weg zu mir gefunden haben. Als Buchh\u00e4ndler wissen Sie, wie wichtig es ist, Ihre Regale stets mit den besten und aktuellsten Titeln zu f\u00fcllen. Bei mir finden Sie eine Auswahl an B\u00fcchern, die Ihre Kunden lieben werden.<\/p><p>Meine Website bietet Ihnen:<\/p><ul><li><strong>Ein breites Sortiment<\/strong> an B\u00fcchern aus verschiedenen Subgenre der Fantasy.<\/li><li><strong>Exklusive Angebote<\/strong> und Rabatte f\u00fcr Buchhandlungen, wie Signierstunden und Lesungen.<\/li><li><strong>Schnelle Lieferung<\/strong>, damit Ihre Kunden nie lange auf ihre Lieblingsb\u00fccher warten m\u00fcssen.<\/li><li><strong>Pers\u00f6nlichen Kundenservice<\/strong>, der Ihnen bei allen Fragen und Anliegen zur Seite steht.<\/li><\/ul><p>Tauchen Sie ein in die Welt der Fantasy und entdecken Sie mein vielseitiges Angebot. Ich bin mir sicher, dass auch etwas f\u00fcr Ihre Leser dabei ist.<\/p><p>Vielen Dank f\u00fcr Ihr Vertrauen und viel Spa\u00df beim St\u00f6bern!\u00a0<\/p><p>F\u00fcr weitere Infos und Bestellungen, schreiben Sie bitte eine Mail an info@melaniegurenko.com<\/p><p>Mit nerdigen Gr\u00fc\u00dfen,<\/p><p>Melanie Gurenko<\/p>\t\t\t\t\t\t\t\t<\/div>\n\t\t\t\t<\/div>\n\t\t\t\t\t<\/div>\n\t\t<\/div>\n\t\t\t\t\t<\/div>\n\t\t<\/section>\n\t\t\t\t<\/div>","protected":false},"excerpt":{"rendered":"<p>F\u00fcr Buchhandlungen Herzlich Willkommen auf meiner Website! Ich freue mich, dass Sie den Weg zu mir gefunden haben. Als Buchh\u00e4ndler wissen Sie, wie wichtig es ist, Ihre Regale stets mit den besten und aktuellsten Titeln zu f\u00fcllen. Bei mir finden Sie eine Auswahl an B\u00fcchern, die Ihre Kunden lieben werden. Meine Website bietet Ihnen: Ein [&hellip;]<\/p>\n","protected":false},"author":1,"featured_media":0,"parent":0,"menu_order":0,"comment_status":"closed","ping_status":"closed","template":"","meta":{"site-sidebar-layout":"no-sidebar","site-content-layout":"","ast-site-content-layout":"full-width-container","site-content-style":"default","site-sidebar-style":"default","ast-global-header-display":"","ast-banner-title-visibility":"","ast-main-header-display":"","ast-hfb-above-header-display":"","ast-hfb-below-header-display":"","ast-hfb-mobile-header-display":"","site-post-title":"disabled","ast-breadcrumbs-content":"","ast-featured-img":"disabled","footer-sml-layout":"","ast-disable-related-posts":"","theme-transparent-header-meta":"","adv-header-id-meta":"","stick-header-meta":"","header-above-stick-meta":"","header-main-stick-meta":"","header-below-stick-meta":"","astra-migrate-meta-layouts":"default","ast-page-background-enabled":"default","ast-page-background-meta":{"desktop":{"background-color":"var(--ast-global-color-4)","background-image":"","background-repeat":"repeat","background-position":"center center","background-size":"auto","background-attachment":"scroll","background-type":"","background-media":"","overlay-type":"","overlay-color":"","overlay-opacity":"","overlay-gradient":""},"tablet":{"background-color":"","background-image":"","background-repeat":"repeat","background-position":"center center","background-size":"auto","background-attachment":"scroll","background-type":"","background-media":"","overlay-type":"","overlay-color":"","overlay-opacity":"","overlay-gradient":""},"mobile":{"background-color":"","background-image":"","background-repeat":"repeat","background-position":"center center","background-size":"auto","background-attachment":"scroll","background-type":"","background-media":"","overlay-type":"","overlay-color":"","overlay-opacity":"","overlay-gradient":""}},"ast-content-background-meta":{"desktop":{"background-color":"var(--ast-global-color-5)","background-image":"","background-repeat":"repeat","background-position":"center center","background-size":"auto","background-attachment":"scroll","background-type":"","background-media":"","overlay-type":"","overlay-color":"","overlay-opacity":"","overlay-gradient":""},"tablet":{"background-color":"var(--ast-global-color-5)","background-image":"","background-repeat":"repeat","background-position":"center center","background-size":"auto","background-attachment":"scroll","background-type":"","background-media":"","overlay-type":"","overlay-color":"","overlay-opacity":"","overlay-gradient":""},"mobile":{"background-color":"var(--ast-global-color-5)","background-image":"","background-repeat":"repeat","background-position":"center center","background-size":"auto","background-attachment":"scroll","background-type":"","background-media":"","overlay-type":"","overlay-color":"","overlay-opacity":"","overlay-gradient":""}},"footnotes":""},"class_list":["post-576","page","type-page","status-publish","hentry"],"_links":{"self":[{"href":"https:\/\/melaniegurenko.com\/en\/wp-json\/wp\/v2\/pages\/576","targetHints":{"allow":["GET"]}}],"collection":[{"href":"https:\/\/melaniegurenko.com\/en\/wp-json\/wp\/v2\/pages"}],"about":[{"href":"https:\/\/melaniegurenko.com\/en\/wp-json\/wp\/v2\/types\/page"}],"author":[{"embeddable":true,"href":"https:\/\/melaniegurenko.com\/en\/wp-json\/wp\/v2\/users\/1"}],"replies":[{"embeddable":true,"href":"https:\/\/melaniegurenko.com\/en\/wp-json\/wp\/v2\/comments?post=576"}],"version-history":[{"count":13,"href":"https:\/\/melaniegurenko.com\/en\/wp-json\/wp\/v2\/pages\/576\/revisions"}],"predecessor-version":[{"id":618,"href":"https:\/\/melaniegurenko.com\/en\/wp-json\/wp\/v2\/pages\/576\/revisions\/618"}],"wp:attachment":[{"href":"https:\/\/melaniegurenko.com\/en\/wp-json\/wp\/v2\/media?parent=576"}],"curies":[{"name":"wp","href":"https:\/\/api.w.org\/{rel}","templated":true}]}}