{"id":787,"date":"2024-10-30T13:40:46","date_gmt":"2024-10-30T12:40:46","guid":{"rendered":"https:\/\/melaniegurenko.com\/?page_id=787"},"modified":"2024-10-30T13:41:18","modified_gmt":"2024-10-30T12:41:18","slug":"versand-lieferung","status":"publish","type":"page","link":"https:\/\/melaniegurenko.com\/en\/versand-lieferung\/","title":{"rendered":"Versand &amp; Lieferung"},"content":{"rendered":"<div data-elementor-type=\"wp-page\" data-elementor-id=\"787\" class=\"elementor elementor-787\" data-elementor-post-type=\"page\">\n\t\t\t\t\t\t<section class=\"elementor-section elementor-top-section elementor-element elementor-element-26654472 elementor-section-boxed elementor-section-height-default elementor-section-height-default\" data-id=\"26654472\" data-element_type=\"section\" data-e-type=\"section\">\n\t\t\t\t\t\t<div class=\"elementor-container elementor-column-gap-default\">\n\t\t\t\t\t<div class=\"elementor-column elementor-col-100 elementor-top-column elementor-element elementor-element-2caf6adb\" data-id=\"2caf6adb\" data-element_type=\"column\" data-e-type=\"column\">\n\t\t\t<div class=\"elementor-widget-wrap elementor-element-populated\">\n\t\t\t\t\t\t<div class=\"elementor-element elementor-element-39df8470 elementor-widget elementor-widget-text-editor\" data-id=\"39df8470\" data-element_type=\"widget\" data-e-type=\"widget\" data-widget_type=\"text-editor.default\">\n\t\t\t\t<div class=\"elementor-widget-container\">\n\t\t\t\t\t\t\t\t\t<p><strong>Allgemeine Infos:<\/strong><\/p><p>Bei Bestellungen mit mehreren B\u00fcchern werden die Bestellungen vollst\u00e4ndig verschickt. Wenn sich B\u00fccher in der Vorbestellung befinden, werden alle B\u00fccher zum genannten Versandtermin auf der Seite der Vorbestellung versandt. Solltest du Teile der Bestellung fr\u00fcher haben wollen, m\u00fcssen die Bestellungen einzeln erfolgen, damit wir sie gesondert bearbeiten k\u00f6nnen. Ein fr\u00fcherer Versand einzelner B\u00fccher ist nach Bestelleingang nicht m\u00f6glich. Bei Fragen kannst du uns gern per Mail kontaktieren.<\/p><p>Auch B\u00fccher, die aktuell nicht vorr\u00e4tig sind, k\u00f6nnen bestellt werden, hier wird das voraussichtliche Lieferdatum in einer gesonderten Mail nach Bestelleingang mitgeteilt.\u00a0<\/p><p><strong>Lieferzeiten<\/strong><\/p><p>Die B\u00fccher verlassen unser Lager binnen drei Werktagen (Wochenenden ausgenommen) nach Zahlungseingang.<\/p><p>Einzelne Buchbestellungen werden per B\u00fccherwarensendung verschickt. Hier dauert der Versand seitens der Deutschen Post meist 5-10 Werktage.<\/p><p>Bestellungen ab zwei B\u00fcchern werden per DHL-Paket verschickt. Hier dauert der Versand seitens DHL meist 3-5 Werktage.\u00a0<br \/>Auf diese Versandzeiten haben wir leider keinen Einfluss, aber eine Bearbeitung unsererseits binnen drei Werktage ist garantiert.<\/p><p><strong>Aktuelle Lieferinformationen und Restock<\/strong><\/p><p>Alle B\u00fccher sind aktuell in der normalen Lieferzeit lieferbar.<\/p><p><strong style=\"font-style: inherit; color: var( --e-global-color-text ); font-family: var( --e-global-typography-text-font-family ), Sans-serif;\">Preise und Versandkosten\u00a0<\/strong><\/p><p>Die auf den Produktseiten genannten Preise enthalten die gesetzliche Mehrwertsteuer und sonstige Preisbestandteile.<\/p><p>Wir liefern nur innerhalb Deutschlands. F\u00fcr weitere Versandmethoden, bitte eine Mail schreiben.<\/p><p>Zus\u00e4tzlich zu den angegebenen Preisen berechnen wir f\u00fcr die Lieferung innerhalb Deutschlands je nach Gewicht der Sendung. Die Versandkosten werden Ihnen im Warenkorbsystem und auf der Bestellseite nochmals deutlich mitgeteilt.<\/p><p>F\u00fcr digitale Inhalte (E-Books, Software, etc.) fallen keine Versandkosten an.<\/p><p>Die Versandkosten enthalten die gesetzliche Mehrwertsteuer.<\/p>\t\t\t\t\t\t\t\t<\/div>\n\t\t\t\t<\/div>\n\t\t\t\t\t<\/div>\n\t\t<\/div>\n\t\t\t\t\t<\/div>\n\t\t<\/section>\n\t\t\t\t<\/div>","protected":false},"excerpt":{"rendered":"<p>Allgemeine Infos: Bei Bestellungen mit mehreren B\u00fcchern werden die Bestellungen vollst\u00e4ndig verschickt. Wenn sich B\u00fccher in der Vorbestellung befinden, werden alle B\u00fccher zum genannten Versandtermin auf der Seite der Vorbestellung versandt. Solltest du Teile der Bestellung fr\u00fcher haben wollen, m\u00fcssen die Bestellungen einzeln erfolgen, damit wir sie gesondert bearbeiten k\u00f6nnen. Ein fr\u00fcherer Versand einzelner B\u00fccher [&hellip;]<\/p>\n","protected":false},"author":1,"featured_media":0,"parent":0,"menu_order":0,"comment_status":"closed","ping_status":"closed","template":"","meta":{"site-sidebar-layout":"default","site-content-layout":"","ast-site-content-layout":"default","site-content-style":"default","site-sidebar-style":"default","ast-global-header-display":"","ast-banner-title-visibility":"","ast-main-header-display":"","ast-hfb-above-header-display":"","ast-hfb-below-header-display":"","ast-hfb-mobile-header-display":"","site-post-title":"","ast-breadcrumbs-content":"","ast-featured-img":"","footer-sml-layout":"","ast-disable-related-posts":"","theme-transparent-header-meta":"","adv-header-id-meta":"","stick-header-meta":"","header-above-stick-meta":"","header-main-stick-meta":"","header-below-stick-meta":"","astra-migrate-meta-layouts":"default","ast-page-background-enabled":"default","ast-page-background-meta":{"desktop":{"background-color":"var(--ast-global-color-4)","background-image":"","background-repeat":"repeat","background-position":"center center","background-size":"auto","background-attachment":"scroll","background-type":"","background-media":"","overlay-type":"","overlay-color":"","overlay-opacity":"","overlay-gradient":""},"tablet":{"background-color":"","background-image":"","background-repeat":"repeat","background-position":"center center","background-size":"auto","background-attachment":"scroll","background-type":"","background-media":"","overlay-type":"","overlay-color":"","overlay-opacity":"","overlay-gradient":""},"mobile":{"background-color":"","background-image":"","background-repeat":"repeat","background-position":"center center","background-size":"auto","background-attachment":"scroll","background-type":"","background-media":"","overlay-type":"","overlay-color":"","overlay-opacity":"","overlay-gradient":""}},"ast-content-background-meta":{"desktop":{"background-color":"var(--ast-global-color-5)","background-image":"","background-repeat":"repeat","background-position":"center center","background-size":"auto","background-attachment":"scroll","background-type":"","background-media":"","overlay-type":"","overlay-color":"","overlay-opacity":"","overlay-gradient":""},"tablet":{"background-color":"var(--ast-global-color-5)","background-image":"","background-repeat":"repeat","background-position":"center center","background-size":"auto","background-attachment":"scroll","background-type":"","background-media":"","overlay-type":"","overlay-color":"","overlay-opacity":"","overlay-gradient":""},"mobile":{"background-color":"var(--ast-global-color-5)","background-image":"","background-repeat":"repeat","background-position":"center center","background-size":"auto","background-attachment":"scroll","background-type":"","background-media":"","overlay-type":"","overlay-color":"","overlay-opacity":"","overlay-gradient":""}},"footnotes":""},"class_list":["post-787","page","type-page","status-publish","hentry"],"_links":{"self":[{"href":"https:\/\/melaniegurenko.com\/en\/wp-json\/wp\/v2\/pages\/787","targetHints":{"allow":["GET"]}}],"collection":[{"href":"https:\/\/melaniegurenko.com\/en\/wp-json\/wp\/v2\/pages"}],"about":[{"href":"https:\/\/melaniegurenko.com\/en\/wp-json\/wp\/v2\/types\/page"}],"author":[{"embeddable":true,"href":"https:\/\/melaniegurenko.com\/en\/wp-json\/wp\/v2\/users\/1"}],"replies":[{"embeddable":true,"href":"https:\/\/melaniegurenko.com\/en\/wp-json\/wp\/v2\/comments?post=787"}],"version-history":[{"count":4,"href":"https:\/\/melaniegurenko.com\/en\/wp-json\/wp\/v2\/pages\/787\/revisions"}],"predecessor-version":[{"id":791,"href":"https:\/\/melaniegurenko.com\/en\/wp-json\/wp\/v2\/pages\/787\/revisions\/791"}],"wp:attachment":[{"href":"https:\/\/melaniegurenko.com\/en\/wp-json\/wp\/v2\/media?parent=787"}],"curies":[{"name":"wp","href":"https:\/\/api.w.org\/{rel}","templated":true}]}}