{"id":329,"date":"2023-09-05T14:29:42","date_gmt":"2023-09-05T12:29:42","guid":{"rendered":"https:\/\/melaniegurenko.com\/?post_type=product&#038;p=329"},"modified":"2026-04-01T13:41:45","modified_gmt":"2026-04-01T11:41:45","slug":"fallen-der-sammelband","status":"publish","type":"product","link":"https:\/\/melaniegurenko.com\/en\/product\/fallen-der-sammelband\/","title":{"rendered":"FALLEN \u2013 Der Sammelband"},"content":{"rendered":"<div data-elementor-type=\"product-post\" data-elementor-id=\"329\" class=\"elementor elementor-329\" data-elementor-post-type=\"product\">\n\t\t\t\t\t\t<section class=\"elementor-section elementor-top-section elementor-element elementor-element-378d268f elementor-section-boxed elementor-section-height-default elementor-section-height-default\" data-id=\"378d268f\" data-element_type=\"section\" data-e-type=\"section\">\n\t\t\t\t\t\t<div class=\"elementor-container elementor-column-gap-default\">\n\t\t\t\t\t<div class=\"elementor-column elementor-col-100 elementor-top-column elementor-element elementor-element-171c5e6b\" data-id=\"171c5e6b\" data-element_type=\"column\" data-e-type=\"column\">\n\t\t\t<div class=\"elementor-widget-wrap elementor-element-populated\">\n\t\t\t\t\t\t<div class=\"elementor-element elementor-element-54b9b53b elementor-widget elementor-widget-text-editor\" data-id=\"54b9b53b\" data-element_type=\"widget\" data-e-type=\"widget\" data-widget_type=\"text-editor.default\">\n\t\t\t\t<div class=\"elementor-widget-container\">\n\t\t\t\t\t\t\t\t\t<p><span style=\"text-decoration: underline;\"><strong>Disclaimer f\u00fcr Dark Romance B\u00fccher<\/strong><\/span><\/p><p>Altersfreigabe: Dieses Buch ist f\u00fcr Leser ab 16 Jahren empfohlen.<\/p><p>Inhaltliche Hinweise: Die Handlungen und Szenen in diesem Buch basieren ausschlie\u00dflich auf konsensuellen Entscheidungen der dargestellten Charaktere. Dennoch k\u00f6nnen einige Inhalte f\u00fcr sensible Leser als emotional herausfordernd empfunden werden.<\/p><p>Produktinformationen:<\/p><p>Hersteller:<br \/>Mazowieckie Centrum Poligrafii Sp. z o.o. Ciurlionisa Strasse 4, 05-270 Marki<br \/>woj. Mazowieckie, Polen;<br \/>FINIDR, s.r.o. L\u00edpov\u00e1 1965 737 01 \u010cesk\u00fd T\u011b\u0161\u00edn Tschechische Republik<br \/>Papier: Bilderdruckpapier und Munken White, hochwertig und langlebig.<br \/>Hinweise: Dieses Buch ist nicht f\u00fcr Kinder geeignet. Bitte sch\u00fctzen Sie es vor direktem Kontakt mit Wasser, Feuer oder anderen Substanzen, die das Material besch\u00e4digen k\u00f6nnten.<\/p><p>Verpackung:<br \/>Verpackung aus recycelbarem Karton, hergestellt von Wir machen Druck.<\/p><p><br \/>Produktsicherheit:<br \/>Dieses Produkt wurde von den renommierten Druckereien MCP Druck (Polen) und FINIDR (Tschechien) hergestellt. Nachweise zur Sicherheit und Umweltfreundlichkeit der verwendeten Materialien k\u00f6nnen auf Anfrage bereitgestellt werden.<\/p><p>Hinweis zur Produktsicherheit:<br \/>Sollten weitere Informationen ben\u00f6tigt werden, z\u00f6gere bitte nicht, uns zu kontaktieren.<\/p>\t\t\t\t\t\t\t\t<\/div>\n\t\t\t\t<\/div>\n\t\t\t\t\t<\/div>\n\t\t<\/div>\n\t\t\t\t\t<\/div>\n\t\t<\/section>\n\t\t\t\t<\/div>","protected":false},"excerpt":{"rendered":"<p>FALLEN DESIRE, HOPE, REDEMPTION endlich auch als Print<\/p>\n<p><u><em><strong>Lex<\/strong><\/em><\/u><\/p>\n<p>Mit dreiunddrei\u00dfig Jahren habe ich alles, was ich mir je ertr\u00e4umt habe. Einen Traumjob, eine wundersch\u00f6ne Wohnung, Urlaube an den sch\u00f6nsten Zielen der Welt \u2013 und das Beste daran ist: Ich habe es mir alles selbst erarbeitet. Ich bin kein verbittertes Hausweibchen, das brav jeden Abend mit dem Essen auf seinen G\u00f6ttergatten wartet und darin seine Erf\u00fcllung sieht. Ich will mein Leben genie\u00dfen und das in vollen Z\u00fcgen.<\/p>\n<p>Meine Devise war bisher stets \u203aNever fuck the company\u2039, doch mein neuer Klient scheint das Memo nicht bekommen zu haben. Alles an ihm schreit \u203adreckige Aff\u00e4re\u2039, und verdammt noch mal, h\u00e4tte ich da Bock drauf. Genau hier, genau jetzt. Aber lohnt es sich, f\u00fcr einen Mann meine Prinzipen \u00fcber Bord zu werfen?<\/p>\n<p><u><em><strong>Grayson<\/strong><\/em><\/u><\/p>\n<p>Als CEO ist es meine verdammte Verpflichtung, meine Firma bestm\u00f6glich zu f\u00fchren. Der Vorstand will nach \u00dcbersee, Tausende Jobs stehen auf der Kippe. Zu allem \u00dcberfluss l\u00e4sst mich mein Anwalt ein paar Tage vor der alles entscheidenden Sitzung im Stich und \u00fcbergibt meinen Fall einem Frischling. Aber dieser Frischling hat es in sich.<\/p>\n<p>Sie ist attraktiv, mit einer leicht dominanten Ausstrahlung, die ich ihr nur zu gern austreiben w\u00fcrde. Frauen in Machtpositionen warten insgeheim nur darauf, auf einen Mann zu treffen, der diese Weltansicht ein wenig ins Wanken bringt, die Kontrolle \u00fcbernimmt und sie diese Haltung z\u00fcgig vergessen l\u00e4sst. Aber die wenigsten haben so jemanden je kennengelernt.<\/p>\n<p>Jemanden wie mich.<\/p>\n<p>Jemanden, der wei\u00df, was er will, und das auch einfordert.<\/p>\n<p><em>Du willst spielen?<\/em><\/p>\n<p><em>Aber immer gern.<\/em><\/p>","protected":false},"featured_media":482,"template":"","meta":{"site-sidebar-layout":"default","site-content-layout":"","ast-site-content-layout":"default","site-content-style":"default","site-sidebar-style":"default","ast-global-header-display":"","ast-banner-title-visibility":"","ast-main-header-display":"","ast-hfb-above-header-display":"","ast-hfb-below-header-display":"","ast-hfb-mobile-header-display":"","site-post-title":"","ast-breadcrumbs-content":"","ast-featured-img":"","footer-sml-layout":"","ast-disable-related-posts":"","theme-transparent-header-meta":"default","adv-header-id-meta":"","stick-header-meta":"","header-above-stick-meta":"","header-main-stick-meta":"","header-below-stick-meta":"","astra-migrate-meta-layouts":"set","ast-page-background-enabled":"default","ast-page-background-meta":{"desktop":{"background-color":"var(--ast-global-color-4)","background-image":"","background-repeat":"repeat","background-position":"center center","background-size":"auto","background-attachment":"scroll","background-type":"","background-media":"","overlay-type":"","overlay-color":"","overlay-opacity":"","overlay-gradient":""},"tablet":{"background-color":"","background-image":"","background-repeat":"repeat","background-position":"center center","background-size":"auto","background-attachment":"scroll","background-type":"","background-media":"","overlay-type":"","overlay-color":"","overlay-opacity":"","overlay-gradient":""},"mobile":{"background-color":"","background-image":"","background-repeat":"repeat","background-position":"center center","background-size":"auto","background-attachment":"scroll","background-type":"","background-media":"","overlay-type":"","overlay-color":"","overlay-opacity":"","overlay-gradient":""}},"ast-content-background-meta":{"desktop":{"background-color":"var(--ast-global-color-5)","background-image":"","background-repeat":"repeat","background-position":"center center","background-size":"auto","background-attachment":"scroll","background-type":"","background-media":"","overlay-type":"","overlay-color":"","overlay-opacity":"","overlay-gradient":""},"tablet":{"background-color":"var(--ast-global-color-5)","background-image":"","background-repeat":"repeat","background-position":"center center","background-size":"auto","background-attachment":"scroll","background-type":"","background-media":"","overlay-type":"","overlay-color":"","overlay-opacity":"","overlay-gradient":""},"mobile":{"background-color":"var(--ast-global-color-5)","background-image":"","background-repeat":"repeat","background-position":"center center","background-size":"auto","background-attachment":"scroll","background-type":"","background-media":"","overlay-type":"","overlay-color":"","overlay-opacity":"","overlay-gradient":""}}},"product_brand":[],"product_cat":[66,50],"product_tag":[63,65,64,49],"class_list":{"0":"post-329","1":"product","2":"type-product","3":"status-publish","4":"has-post-thumbnail","6":"product_cat-dark-romance","7":"product_cat-signierte-buecher","8":"product_tag-dark-romance","9":"product_tag-dark-romance-suspense","10":"product_tag-fallen","11":"product_tag-signierte-buecher","12":"desktop-align-left","13":"tablet-align-left","14":"mobile-align-left","16":"first","17":"instock","18":"taxable","19":"shipping-taxable","20":"purchasable","21":"product-type-simple"},"_links":{"self":[{"href":"https:\/\/melaniegurenko.com\/en\/wp-json\/wp\/v2\/product\/329","targetHints":{"allow":["GET"]}}],"collection":[{"href":"https:\/\/melaniegurenko.com\/en\/wp-json\/wp\/v2\/product"}],"about":[{"href":"https:\/\/melaniegurenko.com\/en\/wp-json\/wp\/v2\/types\/product"}],"version-history":[{"count":6,"href":"https:\/\/melaniegurenko.com\/en\/wp-json\/wp\/v2\/product\/329\/revisions"}],"predecessor-version":[{"id":1163,"href":"https:\/\/melaniegurenko.com\/en\/wp-json\/wp\/v2\/product\/329\/revisions\/1163"}],"wp:featuredmedia":[{"embeddable":true,"href":"https:\/\/melaniegurenko.com\/en\/wp-json\/wp\/v2\/media\/482"}],"wp:attachment":[{"href":"https:\/\/melaniegurenko.com\/en\/wp-json\/wp\/v2\/media?parent=329"}],"wp:term":[{"taxonomy":"product_brand","embeddable":true,"href":"https:\/\/melaniegurenko.com\/en\/wp-json\/wp\/v2\/product_brand?post=329"},{"taxonomy":"product_cat","embeddable":true,"href":"https:\/\/melaniegurenko.com\/en\/wp-json\/wp\/v2\/product_cat?post=329"},{"taxonomy":"product_tag","embeddable":true,"href":"https:\/\/melaniegurenko.com\/en\/wp-json\/wp\/v2\/product_tag?post=329"}],"curies":[{"name":"wp","href":"https:\/\/api.w.org\/{rel}","templated":true}]}}